{"id":312,"date":"2015-12-02T09:21:30","date_gmt":"2015-12-02T09:21:30","guid":{"rendered":"http:\/\/medical.bold-themes.com\/clinic\/?page_id=312"},"modified":"2026-02-03T00:27:28","modified_gmt":"2026-02-03T00:27:28","slug":"veelgestelde-vragen","status":"publish","type":"page","link":"https:\/\/casadequimicos.com\/nl\/veelgestelde-vragen\/","title":{"rendered":"Veelgestelde vragen (FAQ)"},"content":{"rendered":"<p><section id=\"bt_section69d661e4c215c\"  class=\"boldSection btDivider topSemiSpaced bottomSemiSpaced btDarkSkin gutter inherit wBackground cover\" style=\"background-color:#0cb8b6;background-image:url('https:\/\/casadequimicos.com\/nl\/wp-content\/uploads\/2015\/12\/bgn-grad.png');\"><div class=\"port\"><div class=\"boldCell\"><div class=\"boldCellInner\"><div class=\"boldRow  \" ><div class=\"boldRowInner\"><div class=\"rowItem col-md-12 col-ms-12  btTextLeft animate animate-fadein animate-moveleft inherit\"  ><div class=\"rowItemContent\" ><div class=\"btClear btSeparator topExtraSmallSpaced noBorder\" ><hr><\/div><div class=\"btClear btSeparator topExtraSmallSpaced noBorder\" ><hr><\/div><header class=\"header btClear large  btNormalDash\" ><div class=\"btSuperTitle\">Veelgestelde vragen<\/div><div class=\"dash\"><h2><span class=\"headline\">Veelgestelde vragen<\/span><\/h2><\/div><\/header><\/div><\/div><\/div><\/div><\/div><\/div><\/div><\/section><section id=\"bt_section69d661e4c23b5\"  class=\"boldSection topSpaced bottomSpaced gutter inherit\" ><div class=\"port\"><div class=\"boldCell\"><div class=\"boldCellInner\"><div class=\"boldRow  \" ><div class=\"boldRowInner\"><div class=\"rowItem col-md-9 col-ms-12  btTextLeft animate animate-fadein inherit\"  ><div class=\"rowItemContent\" ><header class=\"header btClear large  btNormalDash\" ><div class=\"btSuperTitle\">Ontdek essenti\u00eble informatie over Casa De Qu\u00edmico producten in onze uitgebreide FAQ-sectie. Vind antwoorden op veelgestelde vragen, zodat u weloverwogen beslissingen kunt nemen.<\/div><\/header><div class=\"btClear btSeparator bottomSmallSpaced border\" ><hr><\/div><div class=\"btTabs tabsVertical \" \" data-open-first=\"\"><ul class=\"tabsHeader\"><li><span>Worden onze producten getest op kwaliteit en veiligheid?<\/span><\/li><li><span>Wat is de levertijd voor bestellingen?<\/span><\/li><li><span>Kan ik hulp krijgen bij het kiezen van het juiste product voor mijn behoeften?<\/span><\/li><li><span>Zijn hun betaalmethoden veilig?<\/span><\/li><li><span>Bieden ze een retourbeleid aan?<\/span><\/li><li><span>Welke maatregelen nemen zij om de authenticiteit en wettigheid van het product te garanderen?<\/span><\/li><li><span>Kan ik gedetailleerde informatie vinden over de samenstelling van elk product en de mogelijke bijwerkingen ervan?<\/span><\/li><li><span>Welke maatregelen neemt u om de privacy en gegevensbeveiliging van klanten te garanderen?<\/span><\/li><\/ul><div class=\"tabPanes accordionPanes\"><div class=\"tabPane\">\r\n\t\t\t<div class=\"tabAccordionTitle\"><span>Worden onze producten getest op kwaliteit en veiligheid?<\/span><\/div>\r\n\t\t\t<div class=\"tabAccordionContent\"><\/p>\n<p>Ja, bij Casa De Qu\u00edmico staat de kwaliteit en veiligheid van onze producten voorop. We hanteren een streng kwaliteitscontroleproces. Onze producten worden grondig getest en ge\u00ebvalueerd door onze professionals om te garanderen dat ze aan de hoogste normen voldoen. We geven prioriteit aan de beste leveranciers en fabrikanten die zich houden aan de Good Manufacturing Practices (GMP) en andere kwaliteitsborgingsprotocollen. Bovendien voeren we regelmatig interne kwaliteitscontroles uit om consistentie en betrouwbaarheid in ons gehele productassortiment te waarborgen.<\/p>\n<p>\n<\/div>\r\n\t\t<\/div><div class=\"tabPane\">\r\n\t\t\t<div class=\"tabAccordionTitle\"><span>Wat is de levertijd voor bestellingen?<\/span><\/div>\r\n\t\t\t<div class=\"tabAccordionContent\"><\/p>\n<p>De levertijden kunnen vari\u00ebren afhankelijk van verschillende factoren, waaronder uw locatie, de gekozen verzendmethode en eventuele lopende acties. We streven er doorgaans naar om uw bestelling binnen \u00e9\u00e9n werkdag te verzenden en de levering wordt binnen drie werkdagen verwacht. De exacte levertijd kan echter vari\u00ebren. Zodra uw bestelling is verwerkt, ontvangt u een bevestigingsmail met trackinggegevens om de voortgang te volgen.<\/p>\n<p>\n<\/div>\r\n\t\t<\/div><div class=\"tabPane\">\r\n\t\t\t<div class=\"tabAccordionTitle\"><span>Kan ik hulp krijgen bij het kiezen van het juiste product voor mijn behoeften?<\/span><\/div>\r\n\t\t\t<div class=\"tabAccordionContent\"><\/p>\n<p>Absoluut! Ons toegewijde klantenserviceteam staat klaar om u te helpen bij het kiezen van de producten die het beste aansluiten bij uw specifieke behoeften. Neem gerust <a href=\"https:\/\/casadequimicos.com\/nl\/contact\/\">contact<\/a> met ons op via onze contactpagina of via de live chat op onze website. Onze deskundige medewerkers begeleiden u door ons productassortiment en houden rekening met uw wensen, voorkeuren en eventuele gezondheidsproblemen. Ons doel is om u persoonlijk advies te geven, zodat u weloverwogen beslissingen neemt die passen bij uw welzijnsdoelen.<\/p>\n<p>\n<\/div>\r\n\t\t<\/div><div class=\"tabPane\">\r\n\t\t\t<div class=\"tabAccordionTitle\"><span>Zijn hun betaalmethoden veilig?<\/span><\/div>\r\n\t\t\t<div class=\"tabAccordionContent\"><\/p>\n<p>Ja, de veiligheid van uw transacties staat bij ons voorop. Casa de Qu\u00edmico hanteert robuuste beveiligingsmaatregelen om uw betaalgegevens te beschermen. Onze website is uitgerust met SSL-coderingsprotocollen die ervoor zorgen dat alle gevoelige gegevens, inclusief betaalgegevens, versleuteld en beschermd zijn. We werken ook samen met gerenommeerde aanbieders van betaaldiensten die zich houden aan de gangbare beveiligingsnormen. U kunt er dus op vertrouwen dat uw transacties op ons platform veilig zijn en dat uw privacy onze hoogste prioriteit heeft.<\/p>\n<p>\n<\/div>\r\n\t\t<\/div><div class=\"tabPane\">\r\n\t\t\t<div class=\"tabAccordionTitle\"><span>Bieden ze een retourbeleid aan?<\/span><\/div>\r\n\t\t\t<div class=\"tabAccordionContent\"><\/p>\n<p>Ja, we hebben een uitgebreid retourbeleid dat is ontworpen om klanttevredenheid te garanderen. Raadpleeg ons retourbeleid voor gedetailleerde informatie over onze retourprocedure, de criteria voor retournering en eventuele specifieke voorwaarden. We accepteren retouren over het algemeen binnen 14 dagen na levering voor producten die voldoen aan onze retourrichtlijnen. Ons doel is om het retourproces zo soepel mogelijk te laten verlopen voor onze klanten en een positieve winkelervaring te garanderen.<\/p>\n<p>\n<\/div>\r\n\t\t<\/div><div class=\"tabPane\">\r\n\t\t\t<div class=\"tabAccordionTitle\"><span>Welke maatregelen nemen zij om de authenticiteit en wettigheid van het product te garanderen?<\/span><\/div>\r\n\t\t\t<div class=\"tabAccordionContent\"><\/p>\n<p>Authenticiteit en wettigheid staan \u200b\u200bhoog in het vaandel bij Casa De Qu\u00edmico. We screenen onze leveranciers en fabrikanten zorgvuldig en werken alleen samen met de besten die aan onze normen voldoen. Elk product ondergaat strenge testprocessen om de authenticiteit en kwaliteit te garanderen. Bovendien hechten we veel waarde aan transparante etikettering, met duidelijke en accurate informatie over ingredi\u00ebnten, gebruiksaanwijzingen en wettelijke voorschriften. Onze toewijding aan wettigheid en authenticiteit garandeert dat onze producten voldoen aan alle wettelijke eisen voor veilig gebruik.<\/p>\n<p>\n<\/div>\r\n\t\t<\/div><div class=\"tabPane\">\r\n\t\t\t<div class=\"tabAccordionTitle\"><span>Kan ik gedetailleerde informatie vinden over de samenstelling van elk product en de mogelijke bijwerkingen ervan?<\/span><\/div>\r\n\t\t\t<div class=\"tabAccordionContent\"><\/p>\n<p>Absoluut! Transparantie is cruciaal voor ons. U vindt volledige informatie over elk product, inclusief de samenstelling, ingredi\u00ebnten, aanbevolen gebruik en mogelijke bijwerkingen, op onze productpagina&#8217;s. We zijn er trots op nauwkeurige en gedetailleerde beschrijvingen te bieden, zodat u weloverwogen beslissingen kunt nemen. Hoewel de veiligheid van onze producten grondig wordt getest, kunnen individuele reacties vari\u00ebren. We raden klanten aan de productinformatie te bekijken en een zorgverlener te raadplegen voor persoonlijk advies, vooral als u specifieke gezondheidsproblemen of -klachten heeft.<\/p>\n<p>\n<\/div>\r\n\t\t<\/div><div class=\"tabPane\">\r\n\t\t\t<div class=\"tabAccordionTitle\"><span>Welke maatregelen neemt u om de privacy en gegevensbeveiliging van klanten te garanderen?<\/span><\/div>\r\n\t\t\t<div class=\"tabAccordionContent\"><\/p>\n<p>Het waarborgen van de privacy en gegevensbeveiliging van onze klanten is een essentieel onderdeel van onze bedrijfsvoering. Casa de Qu\u00edmico houdt zich aan strikte protocollen voor gegevensbescherming in overeenstemming met de geldende wetgeving. We hanteren beveiligingsmaatregelen die voldoen aan de industriestandaard om klantgegevens, waaronder persoonsgegevens en betaalgegevens, te beschermen tegen ongeautoriseerde toegang, misbruik of openbaarmaking. Onze website is beveiligd met encryptietechnologie\u00ebn (SSL) om gevoelige gegevens tijdens de overdracht te versleutelen. We hebben tevens interne beleidsregels en procedures om de toegang tot klantgegevens te beperken en de vertrouwelijkheid te waarborgen. U kunt erop vertrouwen dat uw privacy voor ons van het grootste belang is en dat we ernaar streven de hoogste normen voor gegevensbeveiliging te handhaven.<\/p>\n<p>\n<\/div>\r\n\t\t<\/div><\/div><\/div><\/div><\/div><div class=\"rowItem col-md-3 col-sm-6 col-ms-12 btTextLeft animate animate-fadein btTextIndent btHighlight inherit\"  ><div class=\"rowItemContent\" ><div class=\"bpgPhoto btTextCenter\" ><div class=\"btImage\"><img decoding=\"async\" src=\"https:\/\/casadequimicos.com\/nl\/wp-content\/uploads\/2015\/12\/heart-health-1.jpg\" alt=\"\" title=\"\"><\/div><\/div><div class=\"btClear btSeparator bottomSmallSpaced noBorder\" ><hr><\/div><header class=\"header btClear medium  btNormalDash\" ><div class=\"btSuperTitle\">Meer informatie<\/div><div class=\"dash\"><h3><span class=\"headline\">OVER ONS<\/span><\/h3><\/div><\/header><div class=\"btClear btSeparator bottomSmallSpaced noBorder\" ><hr><\/div><a href=\"\/nl\/producten\/\" class=\"btBtn btBtn btnFilledStyle btnAccentColor btnSmall btnFullWidth btnRightPosition btnNoIcon\" ><span class=\"btnInnerText\">ONZE PRODUCTEN<\/span><\/a><a href=\"\/nl\/over-ons\/\" class=\"btBtn btBtn btnOutlineStyle btnNormalColor btnSmall btnFullWidth btnRightPosition btnNoIcon\" ><span class=\"btnInnerText\">OVER ONS<\/span><\/a><a href=\"\/nl\/blog\/\" class=\"btBtn btBtn btnOutlineStyle btnNormalColor btnSmall btnFullWidth btnRightPosition btnNoIcon\" ><span class=\"btnInnerText\">BLOG<\/span><\/a><a href=\"\/nl\/contact\/\" class=\"btBtn btBtn btnFilledStyle btnNormalColor btnSmall btnFullWidth btnRightPosition btnNoIcon\" ><span class=\"btnInnerText\">NEEM CONTACT MET ONS OP<\/span><\/a><div class=\"btClear btSeparator bottomSmallSpaced noBorder\" ><hr><\/div><\/div><\/div><\/div><\/div><\/div><\/div><\/div><\/section><\/p>\n","protected":false},"excerpt":{"rendered":"","protected":false},"author":1,"featured_media":0,"parent":0,"menu_order":0,"comment_status":"closed","ping_status":"closed","template":"","meta":{"footnotes":""},"class_list":["post-312","page","type-page","status-publish","hentry"],"_links":{"self":[{"href":"https:\/\/casadequimicos.com\/nl\/wp-json\/wp\/v2\/pages\/312","targetHints":{"allow":["GET"]}}],"collection":[{"href":"https:\/\/casadequimicos.com\/nl\/wp-json\/wp\/v2\/pages"}],"about":[{"href":"https:\/\/casadequimicos.com\/nl\/wp-json\/wp\/v2\/types\/page"}],"author":[{"embeddable":true,"href":"https:\/\/casadequimicos.com\/nl\/wp-json\/wp\/v2\/users\/1"}],"replies":[{"embeddable":true,"href":"https:\/\/casadequimicos.com\/nl\/wp-json\/wp\/v2\/comments?post=312"}],"version-history":[{"count":3,"href":"https:\/\/casadequimicos.com\/nl\/wp-json\/wp\/v2\/pages\/312\/revisions"}],"predecessor-version":[{"id":2118,"href":"https:\/\/casadequimicos.com\/nl\/wp-json\/wp\/v2\/pages\/312\/revisions\/2118"}],"wp:attachment":[{"href":"https:\/\/casadequimicos.com\/nl\/wp-json\/wp\/v2\/media?parent=312"}],"curies":[{"name":"wp","href":"https:\/\/api.w.org\/{rel}","templated":true}]}}