{"id":1422,"date":"2023-11-26T10:17:18","date_gmt":"2023-11-26T10:17:18","guid":{"rendered":"https:\/\/casadequimicos.com\/nl\/?post_type=product&#038;p=1422"},"modified":"2026-02-02T14:58:05","modified_gmt":"2026-02-02T14:58:05","slug":"cocaine-kopen","status":"publish","type":"product","link":"https:\/\/casadequimicos.com\/nl\/product\/cocaine-kopen\/","title":{"rendered":"Cocaine kopen"},"content":{"rendered":"<h1>Cocaine kopen<\/h1>\n<p><a href=\"https:\/\/casadequimicos.com\/nl\/product\/cocaine-kopen\/\">Coca\u00efne kopen online<\/a>, ook wel kortweg coke genoemd, is een tropaanalkalo\u00efde en een krachtig stimulerend middel dat voornamelijk als <a href=\"https:\/\/nl.wikipedia.org\/wiki\/Partydrug\" target=\"_blank\" rel=\"noopener\">partydrug<\/a> wordt gebruikt. De meest voorkomende consumptiemethoden zijn inhalatie, snuiven of intraveneuze injectie in de vorm van coca\u00efne hydrochloride, coca\u00efnebase en crack. Coca\u00efne is een alkalo\u00efde die wordt gewonnen uit de cocaplant, waarvan twee soorten met vier vari\u00ebteiten van groot economisch, sociaal en cultureel belang zijn in Zuid-Amerika, met name in Argentini\u00eb, Bolivia, Brazili\u00eb, Colombia, Ecuador en Peru. Cocabladeren worden gekauwd vanwege hun stimulerende werking op het centrale zenuwstelsel, antivirale, cardiotonische, verdovende en pijnstillende eigenschappen, en om hoogteziekte te behandelen, naast andere toepassingen.<\/p>\n<p>Coca\u00efne van hoge kwaliteit is een stimulerend middel dat werkt door de dopamineproductie te be\u00efnvloeden, een neurotransmitter die voorkomt in bepaalde delen en neuronen van de hersenen. Het werd de drug van de jaren zeventig, tachtig en negentig genoemd vanwege de wijdverbreide populariteit en het gebruik ervan in die decennia. Coca\u00efne is echter geen nieuwe drug. Sterker nog, het bestaat al meer dan 100 jaar, terwijl cocabladeren al duizenden jaren worden gebruikt, niet als recreatief stimulerend middel, maar als geneeskrachtig kruid en voor het maken van aftreksels. Coca\u00efne kopen Belgi\u00eb, Coca\u00efne kopen Colombia, coca\u00efne kopen Ecuador.<\/p>\n<h3>Wat is coca\u00efne?<\/h3>\n<p>Coca\u00efne is een psychoactieve drug die wordt gewonnen uit de bladeren van de coca-plant (Erythroxylum coca), die oorspronkelijk uit Zuid-Amerika komt. Deze stof kent een lange gebruiksgeschiedenis die eeuwen teruggaat en werd aanvankelijk door inheemse gemeenschappen gebruikt voor rituele en medicinale doeleinden.<\/p>\n<h2>Voordelen van Colombia coca\u00efne kopen online<\/h2>\n<p>Het van cocaine online kopen heeft veel voordelen, waaronder:<\/p>\n<ol>\n<li><strong>Gemak<\/strong>: De mogelijkheid om cocaine kopen vanuit het comfort van je eigen huis is belangrijk. Wij biedt gemakkelijke toegang tot drugs zonder dat je ze persoonlijk hoeft te kopen.<\/li>\n<li><strong>Privacy<\/strong>: Wij biedt een gevoel van privacy, waardoor het een veilige en ideale plek is om cocaine kopen online.<\/li>\n<li><strong>Toegang tot informatie<\/strong>: Ons platform biedt vaak uitgebreide informatie over drugs, waaronder doseringen, bijwerkingen, coca\u00efneprijzen en gebruiksaanwijzingen, waardoor wij de perfecte plek zijn om cocaine kopen.<\/li>\n<li><strong>Concurrerende prijzen<\/strong>: Online platforms bieden vaak concurrerende prijzen voor drugs, waardoor ze voordeliger zijn dan wanneer je ze in een fysieke winkel koopt. Koop goedkope coca\u00efne online.<\/li>\n<li><strong>Beschikbaarheid<\/strong>: Voor mensen die in afgelegen gebieden wonen, kan de toegang tot sommige medicijnen beperkt zijn. Online platforms verzenden vaak medicijnen die lokaal mogelijk niet verkrijgbaar zijn.<\/li>\n<\/ol>\n<p>Neem vandaag nog contact op met Casa De Quimicos voor de beste prijzen en de beste winkelervaring als het gaat om de cocaine kopen online.<\/p>\n<h3>Gebruik en vormen van coca\u00efne<\/h3>\n<p>Coca\u00efnegebruik was in het eerste derde van de 20e eeuw wijdverbreid en legaal in Europa. De gevaren van de stof werden pas later erkend. In 1884 werd het voor het eerst toegepast in oogheelkundige behandelingen. Het gebruik van coca\u00efne is, volgens de Duitse wetgeving inzake het voorschrijven van verdovende middelen, tot op de dag van vandaag nog steeds toegestaan. Koop pure coca\u00efne online.<\/p>\n<p>In eerste instantie werd pure coca\u00efne het hoofdingredi\u00ebnt in de meeste tonics en elixirs die werden ontwikkeld om diverse kwalen te behandelen, waaronder Vin Mariani. Het heeft ook medische toepassingen en wordt in landen als het Verenigd Koninkrijk bijvoorbeeld gebruikt als lokaal anestheticum bij bepaalde oog-, oor- en keeloperaties. Het stimulerende effect van coca\u00efne is zeer sterk, krachtiger, maar van kortere duur dan dat van amfetamine en methamfetamine.<\/p>\n<p>Een bijproduct van de coca\u00efneproductie uit cocabladeren is coca\u00efne pasta, vaak bekend als bazooka. Gemaakt van cocabladeren, soda en kerosine (vliegtuigbrandstof), is coca\u00efnepasta een bruinachtige substantie. De actieve stoffen van de plant komen vrij door de benzine. Gebruikers ervaren zeer snel euforie. Omdat coca\u00efnepasta kerosine bevat, kan het roken ervan schadelijk zijn. Dit kan leiden tot ernstige longschade.<\/p>\n<p>Coca\u00efne poeder wordt geproduceerd door de pasta verder te verwerken. Coca\u00efnepoeder is een zout dat in water oplost en daarom gesnoven kan worden. Het coca\u00efne poeder dat in Nederland wordt aangeboden, is meestal afkomstig uit Colombia en Ecuador. Coca\u00efne kopen Belgi\u00eb, Koop coca\u00efne online.<\/p>\n<p>Coca\u00efnebasis kan worden gemaakt van gesnoven coca\u00efne. Gesnoven coca\u00efne is een zout. Door toevoeging van natriumcarbonaat of ammoniak wordt het zout een base. Dit betekent dat het niet langer gesnoven kan worden, maar wel gerookt. Roken maakt de effecten van coca\u00efne intenser, maar van korte duur. Coca\u00efnebasis, gerookte coca\u00efne en crack zijn daarom de rookbare varianten van coca\u00efne.<\/p>\n<h3>Effecten van coca\u00efne gebruik<\/h3>\n<p>De effecten van coca\u00efnegebruik zijn onmiddellijk merkbaar en kunnen onder andere bestaan \u200b\u200buit: een verhoogd gevoel van eigenwaarde en zelfvertrouwen, gepaard met grote spraakzaamheid en opwinding.<\/p>\n<p>Deze effecten duren relatief kort (tussen de 30 en 60 minuten) en zodra ze beginnen uit te werken, ervaart de gebruiker angst voor een volgende dosis. Op de lange termijn leidt ongecontroleerd gebruik tot verslaving, paniekaanvallen, psychische stoornissen en zelfs de dood, hetzij door directe fysiologische effecten (overdosis) of door zelfmoord. Coca\u00efne kopen Belgi\u00eb.<\/p>\n<h2>Waar kan ik cocaine kopen<\/h2>\n<p>Het van coca\u00efne kopen online is een lastig proces, omdat je de kwaliteit van de online verkochte coca\u00efne niet kunt controleren. Maar maak je geen zorgen meer, want wij bieden je een veilige en unieke winkelervaring voor het 97% puur coca\u00efne kopen online.<\/p>\n<p>Bovendien geniet u met onze unieke online winkelervaring van een discrete aankoop waarbij uw gegevens veilig beschermd zijn. Onze uitstekende 24\/7 klantenservice zorgt ervoor dat u niets mist en krijgt antwoord op al uw vragen, zoals: Waar kan ik het beste cocaine kopen online? Is het veilig om bestellen coca\u00efne online? Wordt pure coca\u00efne online verkocht? Wat is de prijs van coca\u00efne? Waar wordt coca\u00efne voor gebruikt? Waar kan ik goedkope coca\u00efne online kopen? En meer. Daarnaast biedt onze webwinkel het volgende:<\/p>\n<p><strong>Coca\u00efne te koop van hoge kwaliteit<\/strong>: Wij bieden coca\u00efne in de puurste vorm aan, wat betekent dat u hier pure coca\u00efne kunt kopen en thuisbezorgd krijgt. Wanneer u coca\u00efne bij ons koopt, bent u verzekerd van kwaliteit. We bieden ook hoogwaardige producten aan zoals DMT, 3-MMC HCl en meer.<\/p>\n<p><strong>Discrete wereldwijde verzending en gegevensbescherming<\/strong>: Onze topprioriteit is de veiligheid van alle klantgegevens. We delen de gegevens van onze klanten over coca\u00efneaankopen niet met derden, waardoor we de veiligste online winkel zijn om pure coca\u00efne te kopen. Bovendien bieden we de beste discrete verzendservices wereldwijd en werken we samen met eersteklas verzendbedrijven, zodat u uw pakket kunt volgen tot het veilig op uw adres is aangekomen. Bij onze service is bovendien geen handtekening vereist voor de levering van uw pakket.<\/p>\n<h3>Hoe je coca\u00efne kopen Belgi\u00eb online veiling?<\/h3>\n<p>Nu kunt u gemakkelijk cocaine kopen online. U vraagt \u200b\u200bzich misschien af: hoe is dat mogelijk?<\/p>\n<p>Voeg simpelweg de gewenste hoeveelheid toe aan uw winkelmandje, ga naar de kassa en plaats uw bestelling. In slechts drie stappen kunt u bestellen pure coca\u00efne in onze webshop. Wij verzenden en bezorgen het bij u thuis.<\/p>\n<p>Mocht de gewenste hoeveelheid niet beschikbaar zijn in de verschillende formaten die wij aanbieden, dan kunt u altijd contact opnemen met een van onze medewerkers. Zij staan \u200b\u200b24\/7 voor u klaar en uw verzoek wordt ingewilligd. Al uw vragen over het online kopen van coca\u00efne worden hier beantwoord. Neem nu contact met ons op om veilig en met een gerust hart hoogwaardige te bestellen coca\u00efne online.<\/p>\n<h3>Veelgestelde vragen over crack cocaine kopen online<\/h3>\n<p><strong>Is cocaine kopen Belgi\u00eb strafbaar?<\/strong>: Ja, ik wil coca\u00efne kopen bij Casa De Quimicos; het is de beste en veiligste optie als het gaat om het online kopen van drugs.<\/p>\n<p><strong>Kan ik coca\u00efne kopen online?<\/strong>: Jazeker, bij Casa De Quimicos kunt u coca\u00efne kopen. Het wordt discreet verzonden en bij u thuis bezorgd.<\/p>\n<p>Coca\u00efne is altijd een constante factor geweest op de drugsmarkt, voornamelijk vanwege het vermogen om gevoelens van euforie en energie op te wekken. De vraag naar deze drug varieert per regio en demografische groep, maar de aantrekkingskracht ervan is onmiskenbaar. Hoewel coca\u00efne in vrijwel elk land illegaal is, blijft het toegankelijk voor degenen die het zich kunnen veroorloven.<\/p>\n","protected":false},"excerpt":{"rendered":"<p>Cocaine kopen Coca\u00efne kopen online, ook wel kortweg coke genoemd, is een tropaanalkalo\u00efde en een krachtig stimulerend middel dat voornamelijk als partydrug wordt gebruikt. De meest voorkomende consumptiemethoden zijn inhalatie, snuiven of intraveneuze injectie in de vorm van coca\u00efne hydrochloride, coca\u00efnebase en crack. Coca\u00efne is een alkalo\u00efde die wordt gewonnen uit de cocaplant, waarvan tweeLeer M\u00e1s<\/p>\n","protected":false},"featured_media":1454,"comment_status":"open","ping_status":"closed","template":"","meta":[],"product_brand":[],"product_cat":[45],"product_tag":[1541,1550,1551,1552,1543,1542,1544,1545,1546,1547,1548,1549],"class_list":{"0":"post-1422","1":"product","2":"type-product","3":"status-publish","4":"has-post-thumbnail","6":"product_cat-general","7":"product_tag-cocaine-kopen","8":"product_tag-cocaine-kopen-belgie","9":"product_tag-cocaine-kopen-in-colombia","10":"product_tag-cocaine-kopen-in-ecuador","11":"product_tag-cocaine-kopen-online","12":"product_tag-cocaine-test-kopen","13":"product_tag-is-cocaine-kopen-strafbaar","14":"product_tag-waar-cocaine-kopen","15":"product_tag-waar-cocaine-kopen-antwerpen","16":"product_tag-waar-kan-ik-cocaine-kopen","17":"product_tag-waar-kan-je-cocaine-kopen","18":"product_tag-wat-zijn-de-verschillende-soorten-en-prijzen-van-cocaine","20":"first","21":"instock","22":"featured","23":"shipping-taxable","24":"purchasable","25":"product-type-variable"},"_links":{"self":[{"href":"https:\/\/casadequimicos.com\/nl\/wp-json\/wp\/v2\/product\/1422","targetHints":{"allow":["GET"]}}],"collection":[{"href":"https:\/\/casadequimicos.com\/nl\/wp-json\/wp\/v2\/product"}],"about":[{"href":"https:\/\/casadequimicos.com\/nl\/wp-json\/wp\/v2\/types\/product"}],"replies":[{"embeddable":true,"href":"https:\/\/casadequimicos.com\/nl\/wp-json\/wp\/v2\/comments?post=1422"}],"wp:featuredmedia":[{"embeddable":true,"href":"https:\/\/casadequimicos.com\/nl\/wp-json\/wp\/v2\/media\/1454"}],"wp:attachment":[{"href":"https:\/\/casadequimicos.com\/nl\/wp-json\/wp\/v2\/media?parent=1422"}],"wp:term":[{"taxonomy":"product_brand","embeddable":true,"href":"https:\/\/casadequimicos.com\/nl\/wp-json\/wp\/v2\/product_brand?post=1422"},{"taxonomy":"product_cat","embeddable":true,"href":"https:\/\/casadequimicos.com\/nl\/wp-json\/wp\/v2\/product_cat?post=1422"},{"taxonomy":"product_tag","embeddable":true,"href":"https:\/\/casadequimicos.com\/nl\/wp-json\/wp\/v2\/product_tag?post=1422"}],"curies":[{"name":"wp","href":"https:\/\/api.w.org\/{rel}","templated":true}]}}